{"id":483,"date":"2015-08-01T23:50:32","date_gmt":"2015-08-02T03:50:32","guid":{"rendered":"http:\/\/pirates.blkline.com\/?page_id=483"},"modified":"2015-08-02T00:26:36","modified_gmt":"2015-08-02T04:26:36","slug":"the-french","status":"publish","type":"page","link":"https:\/\/pirates.missiledine.com\/index.php\/the-french\/","title":{"rendered":"The French"},"content":{"rendered":"<p><big><big><big>The French Empire<br \/>\n<\/big><\/big><\/big><\/p>\n<div><img src=\"https:\/\/pirates.missiledine.com\/wp-content\/uploads\/2015\/08\/frenchroyal.gif\" alt=\"Flag of French Kings\" \/><\/div>\n<div><\/div>\n<div><big><big><big><big><small><br \/>\nFrom its beginnings in the early 1600s the French overseas empire was formed more by the agencies and stimulation of the state, church, and armed forces than by the initiation of the business community. Merchants, financiers, and manufacturers did engage in and profit from French imperial ventures, but generally they had to be prodded into participation by monarchical officials. In this the French colonial empire differed from its chief rival, the British Empire.<br \/>\nThe Kings Henry IV, Louis XIV, and the latter&#8217;s minister Jean Baptiste Colbert, who founded the French East India Company, and many missionaries, explorers, and merchants helped acquire Canada, Louisiana, several West Indian islands, and parts of India for France.<br \/>\nPolitical motives for this overseas penetration varied from the search for markets, raw materials, investments, and cheap labor to the drive for glory, prestige, strategic advantage, and manpower. Prominent, too, was the mission civilisatrice, the urge to implant Roman Catholicism and French culture.<\/small><\/big><\/big><\/big><\/big>The early voyages of Giovanni da Verrazzano and Jacques Cartier in the early 16th century, as well as the frequent voyages of French fishermen to the Grand Banks off Newfoundland throughout that century, were the precursors to the story of France&#8217;s colonial expansion. But Spain&#8217;s jealous protection of its American monopoly, and the disruptions caused in France itself by the Wars of Religion in the later 16th century, prevented any consistent efforts by France to establish colonies. Early French attempts to found colonies in Brazil, in 1555 at Rio de Janeiro (&#8220;France Antarctique&#8221;) and in 1612 at S\u00e3o Lu\u00eds (&#8220;France \u00c9quinoxiale&#8221;), and in Florida (including Fort Caroline in 1562) were not successful, due to Portuguese and Spanish vigilance.France&#8217;s colonial empire began on July 27, 1605, with the foundation of Port Royal in the colony of Acadia in North America, in what is now Nova Scotia, Canada. A few years later, in 1608, Samuel de Champlain founded Quebec, which was to become the capital of the enormous, but sparsely settled, fur-trading colony of New France (also called Canada).<br \/>\n(Acadia itself was lost to the British in the Treaty of Utrecht in 1713.)As the French empire in North America expanded, they also began to build a smaller, but more profitable empire in the West Indies. Settlement along the South American coast in what is today French Guiana began in 1624, and a colony was founded on Saint Kitts in 1625 (the island was shared with the English until the Treaty of Utrecht in 1713, when it was ceded outright). The Compagnie des \u00celes de l&#8217;Am\u00e9rique founded colonies in Guadeloupe and Martinique in 1635, and a colony was later founded on Saint Lucia by (1650).<br \/>\nThe food-producing plantations of these colonies are built and sustained through slavery, with the supply of slaves dependent on the African slave trade. Local resistance by the indigenous peoples resulted in the Carib Expulsion of 1660.<br \/>\nThe most important Caribbean colonial possession did not come until 1664, when the colony of Saint-Domingue (today&#8217;s Haiti) was founded on the western half of the Spanish island of Hispaniola.<\/p>\n<p>French colonial expansion is not limited to the New World, however. In Senegal in West Africa, the French began to establish trading posts along the coast in 1624. In 1664, the French East India Company was established to compete for trade in the east. Colonies were established in India in Chandernagore in Bengal (1673) and Pondicherry in the Southeast (1674.)\u00a0 Colonies were also founded in the Indian Ocean, on the \u00cele de Bourbon (R\u00e9union, 1664.)<\/p>\n<\/div>\n<p><a href=\"https:\/\/pirates.missiledine.com\/index.php\/hispaniola\/\" target=\"_blank\">Hispaniola<\/a><\/p>\n<p><a href=\"https:\/\/pirates.missiledine.com\/index.php\/guadalupe\/\" target=\"_blank\">Guadalupe<\/a><\/p>\n<p><a href=\"https:\/\/pirates.missiledine.com\/index.php\/grenada\/\" target=\"_blank\">Grenada<\/a><\/p>\n<p><a href=\"https:\/\/pirates.missiledine.com\/index.php\/martinique\/\" target=\"_blank\">Martinique<\/a><\/p>\n<p><a href=\"https:\/\/pirates.missiledine.com\/index.php\/saint-lucia\/\" target=\"_blank\">St Lucia<\/a><\/p>\n<p><a href=\"https:\/\/pirates.missiledine.com\/index.php\/saint-martin-2\/\" target=\"_blank\">St Martin<\/a><\/p>\n<p><a href=\"https:\/\/pirates.missiledine.com\/index.php\/tortuga\/\" target=\"_blank\">Tortuga<\/a><\/p>\n","protected":false},"excerpt":{"rendered":"<p>The French Empire From its beginnings in the early 1600s the French overseas empire was formed more by the agencies&#8230;<\/p>\n","protected":false},"author":1,"featured_media":0,"parent":0,"menu_order":0,"comment_status":"closed","ping_status":"closed","template":"","meta":[],"_links":{"self":[{"href":"https:\/\/pirates.missiledine.com\/index.php\/wp-json\/wp\/v2\/pages\/483"}],"collection":[{"href":"https:\/\/pirates.missiledine.com\/index.php\/wp-json\/wp\/v2\/pages"}],"about":[{"href":"https:\/\/pirates.missiledine.com\/index.php\/wp-json\/wp\/v2\/types\/page"}],"author":[{"embeddable":true,"href":"https:\/\/pirates.missiledine.com\/index.php\/wp-json\/wp\/v2\/users\/1"}],"replies":[{"embeddable":true,"href":"https:\/\/pirates.missiledine.com\/index.php\/wp-json\/wp\/v2\/comments?post=483"}],"version-history":[{"count":6,"href":"https:\/\/pirates.missiledine.com\/index.php\/wp-json\/wp\/v2\/pages\/483\/revisions"}],"predecessor-version":[{"id":523,"href":"https:\/\/pirates.missiledine.com\/index.php\/wp-json\/wp\/v2\/pages\/483\/revisions\/523"}],"wp:attachment":[{"href":"https:\/\/pirates.missiledine.com\/index.php\/wp-json\/wp\/v2\/media?parent=483"}],"curies":[{"name":"wp","href":"https:\/\/api.w.org\/{rel}","templated":true}]}}